{"id":115,"date":"2023-12-29T17:33:45","date_gmt":"2023-12-29T16:33:45","guid":{"rendered":"http:\/\/rbsfrwu.cluster029.hosting.ovh.net\/?page_id=115"},"modified":"2023-12-29T17:45:28","modified_gmt":"2023-12-29T16:45:28","slug":"solutions-de-communications-dans-la-sante","status":"publish","type":"page","link":"https:\/\/www.r-b-s.fr\/index.php\/solutions-de-communications-dans-la-sante\/","title":{"rendered":"Solutions de communications dans la sant\u00e9"},"content":{"rendered":"\n<p>Forte d&rsquo;une expertise de plus de 15 ans dans les m\u00e9tiers techniques de la sant\u00e9, notre soci\u00e9t\u00e9 vous accompagne dans des solutions sur mesure adapt\u00e9es au <strong>march\u00e9 de la sant\u00e9<\/strong> et de la <strong>silver \u00e9conomie<\/strong>.<\/p>\n","protected":false},"excerpt":{"rendered":"<p>Forte d&rsquo;une expertise de plus de 15 ans dans les m\u00e9tiers techniques de la sant\u00e9, notre soci\u00e9t\u00e9 vous accompagne dans des solutions sur mesure adapt\u00e9es au march\u00e9 de la sant\u00e9 et de la silver \u00e9conomie.<\/p>\n","protected":false},"author":1,"featured_media":0,"parent":0,"menu_order":0,"comment_status":"closed","ping_status":"closed","template":"","meta":{"footnotes":""},"class_list":["post-115","page","type-page","status-publish","hentry"],"_links":{"self":[{"href":"https:\/\/www.r-b-s.fr\/index.php\/wp-json\/wp\/v2\/pages\/115","targetHints":{"allow":["GET"]}}],"collection":[{"href":"https:\/\/www.r-b-s.fr\/index.php\/wp-json\/wp\/v2\/pages"}],"about":[{"href":"https:\/\/www.r-b-s.fr\/index.php\/wp-json\/wp\/v2\/types\/page"}],"author":[{"embeddable":true,"href":"https:\/\/www.r-b-s.fr\/index.php\/wp-json\/wp\/v2\/users\/1"}],"replies":[{"embeddable":true,"href":"https:\/\/www.r-b-s.fr\/index.php\/wp-json\/wp\/v2\/comments?post=115"}],"version-history":[{"count":2,"href":"https:\/\/www.r-b-s.fr\/index.php\/wp-json\/wp\/v2\/pages\/115\/revisions"}],"predecessor-version":[{"id":123,"href":"https:\/\/www.r-b-s.fr\/index.php\/wp-json\/wp\/v2\/pages\/115\/revisions\/123"}],"wp:attachment":[{"href":"https:\/\/www.r-b-s.fr\/index.php\/wp-json\/wp\/v2\/media?parent=115"}],"curies":[{"name":"wp","href":"https:\/\/api.w.org\/{rel}","templated":true}]}}