{"id":100,"date":"2023-12-29T13:17:20","date_gmt":"2023-12-29T12:17:20","guid":{"rendered":"http:\/\/rbsfrwu.cluster029.hosting.ovh.net\/?page_id=100"},"modified":"2024-01-05T10:17:26","modified_gmt":"2024-01-05T09:17:26","slug":"amo","status":"publish","type":"page","link":"https:\/\/www.r-b-s.fr\/index.php\/amo\/","title":{"rendered":"Assistance Maitrise d&rsquo;Ouvrage \/ \u0152uvre"},"content":{"rendered":"\n<p>Les b\u00e2timents sont expos\u00e9s \u00e0 des conditions climatiques changeantes et parfois extr\u00eames.<\/p>\n\n\n\n<p>Les propri\u00e9taires de b\u00e2timents ont besoin de donn\u00e9es fiables permettant de g\u00e9rer et de contr\u00f4ler leurs biens. D&rsquo;un autre c\u00f4t\u00e9, il est important d&rsquo;offrir un environnement de travail appropri\u00e9 \u00e0 l&rsquo;ensemble des utilisateurs du b\u00e2timent. Satisfaire l&rsquo;ensemble de ces exigences devient donc un v\u00e9ritable d\u00e9fi.<\/p>\n\n\n\n<p>Re-CARE Building Solutions vous accompagne dans vos projets de r\u00e9duction des consommations d&rsquo;\u00e9nergies et de la mise en conformit\u00e9 de vos installations au  <strong>d\u00e9cret Tertiaire<\/strong> (<strong>diminution de 40% de la consommation \u00e0 2030<\/strong> par rapport \u00e0 votre consommation de r\u00e9f\u00e9rence de 2020 ou 2021) et plus pr\u00e9cis\u00e9ment dans le cadre du <strong>d\u00e9cret BACS.<\/strong><\/p>\n\n\n\n<p>Ce dernier vise \u00e0 rendre obligatoire l&rsquo;installation d&rsquo;un syst\u00e8me d&rsquo;automatisation et de contr\u00f4le dans les b\u00e2timents tertiaires non r\u00e9sidentiels ayant une <strong>puissance nominale de 290kW (au 1er janvier 2025) et de 70kW au (1er Janvier 2027)<\/strong>. <\/p>\n\n\n\n<p>Nous sommes en mesure de vous accompagner au travers d&rsquo;audits de vos \u00e9quipements existants,  ou d&rsquo;une assistance \u00e0 la maitrise d&rsquo;ouvrage dans le cadre d&rsquo;un d\u00e9ploiement d&rsquo;une GTB de classe A ou B.<\/p>\n\n\n\n<p>Une bonne conception de votre solution de GTB, conforme \u00e0 la <strong>NF EN ISO 52120-1 : 2022<\/strong> et r\u00e9pondant \u00e0 la fiche d&rsquo;op\u00e9ration standardis\u00e9e <strong>BAT-TH-116<\/strong>, vous permettra l&rsquo;\u00e9ligibilit\u00e9 \u00e0 l&rsquo;obtention de prime CEE (via nos partenaires mandataires).<\/p>\n","protected":false},"excerpt":{"rendered":"<p>Les b\u00e2timents sont expos\u00e9s \u00e0 des conditions climatiques changeantes et parfois extr\u00eames. Les propri\u00e9taires de b\u00e2timents ont besoin de donn\u00e9es fiables permettant de g\u00e9rer et de contr\u00f4ler leurs biens. D&rsquo;un autre c\u00f4t\u00e9, il est important d&rsquo;offrir un environnement de travail appropri\u00e9 \u00e0 l&rsquo;ensemble des utilisateurs du b\u00e2timent. Satisfaire l&rsquo;ensemble de ces exigences devient donc un&hellip; <br \/> <a class=\"read-more\" href=\"https:\/\/www.r-b-s.fr\/index.php\/amo\/\">Lire la suite<\/a><\/p>\n","protected":false},"author":1,"featured_media":0,"parent":0,"menu_order":0,"comment_status":"closed","ping_status":"closed","template":"","meta":{"footnotes":""},"class_list":["post-100","page","type-page","status-publish","hentry"],"_links":{"self":[{"href":"https:\/\/www.r-b-s.fr\/index.php\/wp-json\/wp\/v2\/pages\/100","targetHints":{"allow":["GET"]}}],"collection":[{"href":"https:\/\/www.r-b-s.fr\/index.php\/wp-json\/wp\/v2\/pages"}],"about":[{"href":"https:\/\/www.r-b-s.fr\/index.php\/wp-json\/wp\/v2\/types\/page"}],"author":[{"embeddable":true,"href":"https:\/\/www.r-b-s.fr\/index.php\/wp-json\/wp\/v2\/users\/1"}],"replies":[{"embeddable":true,"href":"https:\/\/www.r-b-s.fr\/index.php\/wp-json\/wp\/v2\/comments?post=100"}],"version-history":[{"count":7,"href":"https:\/\/www.r-b-s.fr\/index.php\/wp-json\/wp\/v2\/pages\/100\/revisions"}],"predecessor-version":[{"id":165,"href":"https:\/\/www.r-b-s.fr\/index.php\/wp-json\/wp\/v2\/pages\/100\/revisions\/165"}],"wp:attachment":[{"href":"https:\/\/www.r-b-s.fr\/index.php\/wp-json\/wp\/v2\/media?parent=100"}],"curies":[{"name":"wp","href":"https:\/\/api.w.org\/{rel}","templated":true}]}}